{"id":1819,"date":"2023-02-21T00:49:09","date_gmt":"2023-02-21T00:49:09","guid":{"rendered":"https:\/\/visaresidency.com\/?page_id=1819"},"modified":"2023-03-02T21:27:11","modified_gmt":"2023-03-02T21:27:11","slug":"geschaeftsdienstleistungen","status":"publish","type":"page","link":"https:\/\/visaresidency.com\/de\/geschaeftsdienstleistungen\/","title":{"rendered":"Gesch\u00e4ftsdienstleistungen"},"content":{"rendered":"\t\t<div data-elementor-type=\"wp-page\" data-elementor-id=\"1819\" class=\"elementor elementor-1819\">\n\t\t\t\t\t\t<section class=\"elementor-section elementor-top-section elementor-element elementor-element-6bd9316 elementor-section-boxed elementor-section-height-default elementor-section-height-default\" data-id=\"6bd9316\" data-element_type=\"section\" data-settings=\"{&quot;background_background&quot;:&quot;classic&quot;}\">\n\t\t\t\t\t\t<div class=\"elementor-container elementor-column-gap-default\">\n\t\t\t\t\t<div class=\"elementor-column elementor-col-100 elementor-top-column elementor-element elementor-element-47c504e3\" data-id=\"47c504e3\" data-element_type=\"column\">\n\t\t\t<div class=\"elementor-widget-wrap elementor-element-populated\">\n\t\t\t\t\t\t<div class=\"elementor-element elementor-element-23dc3195 elementor-widget elementor-widget-image\" data-id=\"23dc3195\" data-element_type=\"widget\" data-widget_type=\"image.default\">\n\t\t\t\t<div class=\"elementor-widget-container\">\n\t\t\t\t\t\t\t\t\t\t\t\t\t\t\t<img fetchpriority=\"high\" decoding=\"async\" width=\"512\" height=\"512\" src=\"https:\/\/visaresidency.com\/oolsohee\/2023\/01\/visa-residency-favicon-512x512-1.png\" class=\"attachment-full size-full wp-image-21\" alt=\"\" srcset=\"https:\/\/visaresidency.com\/oolsohee\/2023\/01\/visa-residency-favicon-512x512-1.png 512w, https:\/\/visaresidency.com\/oolsohee\/2023\/01\/visa-residency-favicon-512x512-1-300x300.png 300w, https:\/\/visaresidency.com\/oolsohee\/2023\/01\/visa-residency-favicon-512x512-1-150x150.png 150w, https:\/\/visaresidency.com\/oolsohee\/2023\/01\/elementor\/thumbs\/visa-residency-favicon-512x512-1-q1h7k8j9vhvghtbh0lqj96lp61ezikch04udn2evhk.png 100w, https:\/\/visaresidency.com\/oolsohee\/2023\/01\/elementor\/thumbs\/visa-residency-favicon-512x512-1-q1h7k8j99kh8ot8lt5ay756indb66oqm28jskd69h0.png 50w, https:\/\/visaresidency.com\/oolsohee\/2023\/01\/elementor\/thumbs\/visa-residency-favicon-512x512-1-q1h7k8j91oaolkkj7qqxtg6t9g5h865s7bbnuwvyo0.png 32w\" sizes=\"(max-width: 512px) 100vw, 512px\" \/>\t\t\t\t\t\t\t\t\t\t\t\t\t\t\t<\/div>\n\t\t\t\t<\/div>\n\t\t\t\t<div class=\"elementor-element elementor-element-3ae913bf elementor-widget elementor-widget-heading\" data-id=\"3ae913bf\" data-element_type=\"widget\" data-widget_type=\"heading.default\">\n\t\t\t\t<div class=\"elementor-widget-container\">\n\t\t\t\t\t<h2 class=\"elementor-heading-title elementor-size-default\"><b>Arbeitsdienstleistungen<\/b><\/h2>\t\t\t\t<\/div>\n\t\t\t\t<\/div>\n\t\t\t\t<div class=\"elementor-element elementor-element-32852eb0 elementor-widget elementor-widget-text-editor\" data-id=\"32852eb0\" data-element_type=\"widget\" data-widget_type=\"text-editor.default\">\n\t\t\t\t<div class=\"elementor-widget-container\">\n\t\t\t\t\t\t\t\t\t<p>Bei Visa Residency verstehen wir, dass die Arbeitssuche in Europa ein herausfordernder Prozess sein kann. Deshalb bieten wir umfassende Arbeitsdienstleistungen an, die Ihnen helfen, Ihre Ziele zu erreichen.<\/p><p>Unsere Arbeitsleistungen umfassen:<\/p>\t\t\t\t\t\t\t\t<\/div>\n\t\t\t\t<\/div>\n\t\t\t\t\t<\/div>\n\t\t<\/div>\n\t\t\t\t\t<\/div>\n\t\t<\/section>\n\t\t\t\t<section class=\"elementor-section elementor-top-section elementor-element elementor-element-0eb2f5c elementor-section-boxed elementor-section-height-default elementor-section-height-default\" data-id=\"0eb2f5c\" data-element_type=\"section\" data-settings=\"{&quot;background_background&quot;:&quot;classic&quot;}\">\n\t\t\t\t\t\t<div class=\"elementor-container elementor-column-gap-default\">\n\t\t\t\t\t<div class=\"elementor-column elementor-col-50 elementor-top-column elementor-element elementor-element-e6d0b9a\" data-id=\"e6d0b9a\" data-element_type=\"column\">\n\t\t\t<div class=\"elementor-widget-wrap elementor-element-populated\">\n\t\t\t\t\t\t<div class=\"elementor-element elementor-element-591f4d5 elementor-position-top elementor-invisible elementor-widget elementor-widget-image-box\" data-id=\"591f4d5\" data-element_type=\"widget\" data-settings=\"{&quot;_animation&quot;:&quot;fadeIn&quot;}\" data-widget_type=\"image-box.default\">\n\t\t\t\t<div class=\"elementor-widget-container\">\n\t\t\t\t\t<div class=\"elementor-image-box-wrapper\"><figure class=\"elementor-image-box-img\"><img decoding=\"async\" width=\"512\" height=\"512\" src=\"https:\/\/visaresidency.com\/oolsohee\/2022\/04\/heartbeat.png\" class=\"attachment-full size-full wp-image-561\" alt=\"\" srcset=\"https:\/\/visaresidency.com\/oolsohee\/2022\/04\/heartbeat.png 512w, https:\/\/visaresidency.com\/oolsohee\/2022\/04\/heartbeat-300x300.png 300w, https:\/\/visaresidency.com\/oolsohee\/2022\/04\/heartbeat-150x150.png 150w\" sizes=\"(max-width: 512px) 100vw, 512px\" \/><\/figure><div class=\"elementor-image-box-content\"><h3 class=\"elementor-image-box-title\">Unterst\u00fctzung bei der Arbeitssuche<\/h3><p class=\"elementor-image-box-description\">Wir bieten Ihnen kompetente Unterst\u00fctzung bei der Stellensuche und helfen Ihnen, den richtigen Job in Europa zu finden, der Ihren F\u00e4higkeiten und Erfahrungen entspricht.<\/p><\/div><\/div>\t\t\t\t<\/div>\n\t\t\t\t<\/div>\n\t\t\t\t<div class=\"elementor-element elementor-element-a487a87 elementor-position-top elementor-invisible elementor-widget elementor-widget-image-box\" data-id=\"a487a87\" data-element_type=\"widget\" data-settings=\"{&quot;_animation&quot;:&quot;fadeIn&quot;}\" data-widget_type=\"image-box.default\">\n\t\t\t\t<div class=\"elementor-widget-container\">\n\t\t\t\t\t<div class=\"elementor-image-box-wrapper\"><figure class=\"elementor-image-box-img\"><img decoding=\"async\" width=\"512\" height=\"512\" src=\"https:\/\/visaresidency.com\/oolsohee\/2022\/04\/heartbeat.png\" class=\"attachment-full size-full wp-image-561\" alt=\"\" srcset=\"https:\/\/visaresidency.com\/oolsohee\/2022\/04\/heartbeat.png 512w, https:\/\/visaresidency.com\/oolsohee\/2022\/04\/heartbeat-300x300.png 300w, https:\/\/visaresidency.com\/oolsohee\/2022\/04\/heartbeat-150x150.png 150w\" sizes=\"(max-width: 512px) 100vw, 512px\" \/><\/figure><div class=\"elementor-image-box-content\"><h3 class=\"elementor-image-box-title\">Interviewvorbereitung<\/h3><p class=\"elementor-image-box-description\">Wir helfen Ihnen bei der Vorbereitung auf Vorstellungsgespr\u00e4che und geben Ihnen das Selbstvertrauen und das Wissen, das Sie f\u00fcr den Erfolg ben\u00f6tigen.<\/p><\/div><\/div>\t\t\t\t<\/div>\n\t\t\t\t<\/div>\n\t\t\t\t\t<\/div>\n\t\t<\/div>\n\t\t\t\t<div class=\"elementor-column elementor-col-50 elementor-top-column elementor-element elementor-element-77df01a\" data-id=\"77df01a\" data-element_type=\"column\">\n\t\t\t<div class=\"elementor-widget-wrap elementor-element-populated\">\n\t\t\t\t\t\t<div class=\"elementor-element elementor-element-11dd1e6 elementor-position-top elementor-invisible elementor-widget elementor-widget-image-box\" data-id=\"11dd1e6\" data-element_type=\"widget\" data-settings=\"{&quot;_animation&quot;:&quot;fadeIn&quot;}\" data-widget_type=\"image-box.default\">\n\t\t\t\t<div class=\"elementor-widget-container\">\n\t\t\t\t\t<div class=\"elementor-image-box-wrapper\"><figure class=\"elementor-image-box-img\"><img decoding=\"async\" width=\"512\" height=\"512\" src=\"https:\/\/visaresidency.com\/oolsohee\/2022\/04\/heartbeat.png\" class=\"attachment-full size-full wp-image-561\" alt=\"\" srcset=\"https:\/\/visaresidency.com\/oolsohee\/2022\/04\/heartbeat.png 512w, https:\/\/visaresidency.com\/oolsohee\/2022\/04\/heartbeat-300x300.png 300w, https:\/\/visaresidency.com\/oolsohee\/2022\/04\/heartbeat-150x150.png 150w\" sizes=\"(max-width: 512px) 100vw, 512px\" \/><\/figure><div class=\"elementor-image-box-content\"><h3 class=\"elementor-image-box-title\">Unterst\u00fctzung bei Lebenslauf und Anschreiben<\/h3><p class=\"elementor-image-box-description\">Wir helfen Ihnen bei der Erstellung eines professionellen Lebenslaufs und Anschreibens, um sicherzustellen, dass Sie bei potenziellen Arbeitgebern den bestm\u00f6glichen Eindruck hinterlassen.<\/p><\/div><\/div>\t\t\t\t<\/div>\n\t\t\t\t<\/div>\n\t\t\t\t<div class=\"elementor-element elementor-element-306c6d1 elementor-position-top elementor-invisible elementor-widget elementor-widget-image-box\" data-id=\"306c6d1\" data-element_type=\"widget\" data-settings=\"{&quot;_animation&quot;:&quot;fadeIn&quot;}\" data-widget_type=\"image-box.default\">\n\t\t\t\t<div class=\"elementor-widget-container\">\n\t\t\t\t\t<div class=\"elementor-image-box-wrapper\"><figure class=\"elementor-image-box-img\"><img decoding=\"async\" width=\"512\" height=\"512\" src=\"https:\/\/visaresidency.com\/oolsohee\/2022\/04\/heartbeat.png\" class=\"attachment-full size-full wp-image-561\" alt=\"\" srcset=\"https:\/\/visaresidency.com\/oolsohee\/2022\/04\/heartbeat.png 512w, https:\/\/visaresidency.com\/oolsohee\/2022\/04\/heartbeat-300x300.png 300w, https:\/\/visaresidency.com\/oolsohee\/2022\/04\/heartbeat-150x150.png 150w\" sizes=\"(max-width: 512px) 100vw, 512px\" \/><\/figure><div class=\"elementor-image-box-content\"><h3 class=\"elementor-image-box-title\">Unterst\u00fctzung bei der Arbeitserlaubnis<\/h3><p class=\"elementor-image-box-description\">Wir unterst\u00fctzen Sie bei der Erlangung der erforderlichen Arbeitserlaubnis und stellen sicher, dass Sie so schnell wie m\u00f6glich mit der Arbeit beginnen k\u00f6nnen.<\/p><\/div><\/div>\t\t\t\t<\/div>\n\t\t\t\t<\/div>\n\t\t\t\t\t<\/div>\n\t\t<\/div>\n\t\t\t\t\t<\/div>\n\t\t<\/section>\n\t\t\t\t<section class=\"elementor-section elementor-top-section elementor-element elementor-element-050a893 elementor-section-boxed elementor-section-height-default elementor-section-height-default\" data-id=\"050a893\" data-element_type=\"section\" data-settings=\"{&quot;background_background&quot;:&quot;classic&quot;}\">\n\t\t\t\t\t\t<div class=\"elementor-container elementor-column-gap-default\">\n\t\t\t\t\t<div class=\"elementor-column elementor-col-100 elementor-top-column elementor-element elementor-element-da1ac21\" data-id=\"da1ac21\" data-element_type=\"column\">\n\t\t\t<div class=\"elementor-widget-wrap elementor-element-populated\">\n\t\t\t\t\t\t<div class=\"elementor-element elementor-element-79e7448 elementor-widget elementor-widget-heading\" data-id=\"79e7448\" data-element_type=\"widget\" data-widget_type=\"heading.default\">\n\t\t\t\t<div class=\"elementor-widget-container\">\n\t\t\t\t\t<h2 class=\"elementor-heading-title elementor-size-default\">Bei Visa Residency glauben wir, dass der Schl\u00fcssel zu unserem Erfolg unser Engagement f\u00fcr unsere Kunden ist. Wir sind hier, um fachkundige Anleitung, Unterst\u00fctzung und erfolgreiche Ergebnisse zu bieten, und wir werden alles in unserer Macht Stehende tun, um Ihnen beim Erreichen Ihrer Ziele zu helfen.\nWenn Sie Fragen haben oder mehr \u00fcber unsere Arbeitsdienstleistungen erfahren m\u00f6chten, z\u00f6gern Sie bitte nicht, uns zu kontaktieren. Wir sind hier, um Ihnen zu helfen, und wir freuen uns auf die Zusammenarbeit mit Ihnen.<\/h2>\t\t\t\t<\/div>\n\t\t\t\t<\/div>\n\t\t\t\t\t<\/div>\n\t\t<\/div>\n\t\t\t\t\t<\/div>\n\t\t<\/section>\n\t\t\t\t<section class=\"elementor-section elementor-top-section elementor-element elementor-element-9b61bc0 elementor-section-boxed elementor-section-height-default elementor-section-height-default\" data-id=\"9b61bc0\" data-element_type=\"section\" data-settings=\"{&quot;background_background&quot;:&quot;classic&quot;}\">\n\t\t\t\t\t\t<div class=\"elementor-container elementor-column-gap-default\">\n\t\t\t\t\t<div class=\"elementor-column elementor-col-100 elementor-top-column elementor-element elementor-element-2528dc8\" data-id=\"2528dc8\" data-element_type=\"column\">\n\t\t\t<div class=\"elementor-widget-wrap elementor-element-populated\">\n\t\t\t\t\t\t<div class=\"elementor-element elementor-element-def8cb3 elementor-widget elementor-widget-wpforms\" data-id=\"def8cb3\" data-element_type=\"widget\" data-widget_type=\"wpforms.default\">\n\t\t\t\t<div class=\"elementor-widget-container\">\n\t\t\t\t\t<div class=\"wpforms-container wpforms-container-full\" id=\"wpforms-1766\"><form id=\"wpforms-form-1766\" class=\"wpforms-validate wpforms-form\" data-formid=\"1766\" method=\"post\" enctype=\"multipart\/form-data\" action=\"\/de\/wp-json\/wp\/v2\/pages\/1819?wpforms_form_id=1766\" data-token=\"ea7fbf13a5346988756e81429270d6c6\"><noscript class=\"wpforms-error-noscript\">Bitte aktiviere JavaScript in deinem Browser, um dieses Formular fertigzustellen.<\/noscript><div class=\"wpforms-field-container\"><div id=\"wpforms-1766-field_8-container\" class=\"wpforms-field wpforms-field-layout\" data-field-id=\"8\"><label class=\"wpforms-field-label wpforms-label-hide\" for=\"wpforms-1766-field_8\">Layout<\/label><div class=\"wpforms-field-layout-columns wpforms-field-layout-preset-50-50\"><div class=\"wpforms-layout-column wpforms-layout-column-50\"><div id=\"wpforms-1766-field_15-container\" class=\"wpforms-field wpforms-field-text\" data-field-id=\"15\"><label class=\"wpforms-field-label wpforms-label-hide\" for=\"wpforms-1766-field_15\">Vorname <span class=\"wpforms-required-label\">*<\/span><\/label><input type=\"text\" id=\"wpforms-1766-field_15\" class=\"wpforms-field-medium wpforms-field-required\" name=\"wpforms[fields][15]\" placeholder=\"Vorname\" required><\/div><div id=\"wpforms-1766-field_1-container\" class=\"wpforms-field wpforms-field-email\" data-field-id=\"1\"><label class=\"wpforms-field-label wpforms-label-hide\" for=\"wpforms-1766-field_1\">Ihre E-Mail-Adresse <span class=\"wpforms-required-label\">*<\/span><\/label><input type=\"email\" id=\"wpforms-1766-field_1\" class=\"wpforms-field-large wpforms-field-required\" name=\"wpforms[fields][1]\" placeholder=\"Ihre E-Mail-Adresse\" required><\/div><\/div><div class=\"wpforms-layout-column wpforms-layout-column-50\"><div id=\"wpforms-1766-field_16-container\" class=\"wpforms-field wpforms-field-text\" data-field-id=\"16\"><label class=\"wpforms-field-label wpforms-label-hide\" for=\"wpforms-1766-field_16\">Nachname <span class=\"wpforms-required-label\">*<\/span><\/label><input type=\"text\" id=\"wpforms-1766-field_16\" class=\"wpforms-field-medium wpforms-field-required\" name=\"wpforms[fields][16]\" placeholder=\"Nachname\" required><\/div><div id=\"wpforms-1766-field_9-container\" class=\"wpforms-field wpforms-field-phone\" data-field-id=\"9\"><label class=\"wpforms-field-label wpforms-label-hide\" for=\"wpforms-1766-field_9\">Telefon <span class=\"wpforms-required-label\">*<\/span><\/label><input type=\"tel\" id=\"wpforms-1766-field_9\" class=\"wpforms-field-medium wpforms-field-required wpforms-smart-phone-field\" data-rule-smart-phone-field=\"true\" name=\"wpforms[fields][9]\" placeholder=\"Telefonnummer\" required><\/div><\/div><\/div><\/div><div id=\"wpforms-1766-field_18-container\" class=\"wpforms-field wpforms-field-text\" data-field-id=\"18\"><label class=\"wpforms-field-label wpforms-label-hide\" for=\"wpforms-1766-field_18\">In welchem Land lebst du? <span class=\"wpforms-required-label\">*<\/span><\/label><input type=\"text\" id=\"wpforms-1766-field_18\" class=\"wpforms-field-large wpforms-field-required\" name=\"wpforms[fields][18]\" placeholder=\"In welchem Land lebst du?\" required><\/div><div id=\"wpforms-1766-field_7-container\" class=\"wpforms-field wpforms-field-text\" data-field-id=\"7\"><label class=\"wpforms-field-label wpforms-label-hide\" for=\"wpforms-1766-field_7\">Where <span class=\"wpforms-required-label\">*<\/span><\/label><input type=\"text\" id=\"wpforms-1766-field_7\" class=\"wpforms-field-large wpforms-field-required\" name=\"wpforms[fields][7]\" placeholder=\"Wo haben Sie von uns geh\u00f6rt?\" required><div class=\"wpforms-field-description\">Wenn ein Wocopa-Beamter Sie empfohlen hat, schreiben Sie bitte seinen Namen.<\/div><\/div><div id=\"wpforms-1766-field_10-container\" class=\"wpforms-field wpforms-field-file-upload\" data-field-id=\"10\"><label class=\"wpforms-field-label\" for=\"wpforms-1766-field_10\">Bitte laden Sie Ihren Lebenslauf hoch<\/label><div\n\t\tclass=\"wpforms-uploader\"\n\t\tdata-field-id=\"10\"\n\t\tdata-form-id=\"1766\"\n\t\tdata-input-name=\"wpforms_1766_10\"\n\t\tdata-extensions=\"pdf,xls,xlsx,ppt,pptx,doc,docx,jpeg,jpg,png\"\n\t\tdata-max-size=\"5242880\"\n\t\tdata-max-file-number=\"3\"\n\t\tdata-post-max-size=\"1073741824\"\n\t\tdata-max-parallel-uploads=\"4\"\n\t\tdata-parallel-uploads=\"true\"\n\t\tdata-file-chunk-size=\"2097152\">\n\t<div class=\"dz-message\">\n\t\t<svg viewBox=\"0 0 1024 1024\" focusable=\"false\" data-icon=\"inbox\" width=\"50px\" height=\"50px\" fill=\"#b1b1b1\" aria-hidden=\"true\">\n\t\t\t<path d=\"M885.2 446.3l-.2-.8-112.2-285.1c-5-16.1-19.9-27.2-36.8-27.2H281.2c-17 0-32.1 11.3-36.9 27.6L139.4 443l-.3.7-.2.8c-1.3 4.9-1.7 9.9-1 14.8-.1 1.6-.2 3.2-.2 4.8V830a60.9 60.9 0 0 0 60.8 60.8h627.2c33.5 0 60.8-27.3 60.9-60.8V464.1c0-1.3 0-2.6-.1-3.7.4-4.9 0-9.6-1.3-14.1zm-295.8-43l-.3 15.7c-.8 44.9-31.8 75.1-77.1 75.1-22.1 0-41.1-7.1-54.8-20.6S436 441.2 435.6 419l-.3-15.7H229.5L309 210h399.2l81.7 193.3H589.4zm-375 76.8h157.3c24.3 57.1 76 90.8 140.4 90.8 33.7 0 65-9.4 90.3-27.2 22.2-15.6 39.5-37.4 50.7-63.6h156.5V814H214.4V480.1z\"><\/path>\n\t\t<\/svg>\n\t\t<span class=\"modern-title\">Klicke oder ziehe Dateien in diesen Bereich zum Hochladen.<\/span>\n\n\t\t\t\t\t<span class=\"modern-hint\">Du kannst bis zu 3 Dateien hochladen.<\/span>\n\t\t\t<\/div>\n<\/div>\n<input\n\t\ttype=\"text\"\n\t\tautocomplete=\"off\"\n\t\tclass=\"dropzone-input\"\n\t\tstyle=\"position:absolute!important;clip:rect(0,0,0,0)!important;height:1px!important;width:1px!important;border:0!important;overflow:hidden!important;padding:0!important;margin:0!important;\"\n\t\tid=\"wpforms-1766-field_10\"\n\t\tname=\"wpforms_1766_10\" \t\tvalue=\"\">\n<\/div><div id=\"wpforms-1766-field_6-container\" class=\"wpforms-field wpforms-field-checkbox\" data-field-id=\"6\"><label class=\"wpforms-field-label wpforms-label-hide\" for=\"wpforms-1766-field_6\">Accept <span class=\"wpforms-required-label\">*<\/span><\/label><ul id=\"wpforms-1766-field_6\" class=\"wpforms-field-required\"><li class=\"choice-1 depth-1\"><input type=\"checkbox\" id=\"wpforms-1766-field_6_1\" name=\"wpforms[fields][6][]\" value=\"I read and accept &lt;a href=&quot;#omw-904&quot; class=&quot;omw-open-modal&quot;&gt;Terms and Conditions&lt;\/a&gt;\" required ><label class=\"wpforms-field-label-inline\" for=\"wpforms-1766-field_6_1\">I read and accept <a href=\"#omw-904\" class=\"omw-open-modal\">Terms and Conditions<\/a><\/label><\/li><\/ul><\/div><\/div><div class=\"wpforms-field wpforms-field-hp\"><label for=\"wpforms-1766-field-hp\" class=\"wpforms-field-label\">Message<\/label><input type=\"text\" name=\"wpforms[hp]\" id=\"wpforms-1766-field-hp\" class=\"wpforms-field-medium\"><\/div><div class=\"wpforms-recaptcha-container wpforms-is-recaptcha\"><div class=\"g-recaptcha\" data-sitekey=\"6Ldtjh8nAAAAAGuwxNRbnWO1nYZdlIlvu73eD8Fk\"><\/div><input type=\"text\" name=\"g-recaptcha-hidden\" class=\"wpforms-recaptcha-hidden\" style=\"position:absolute!important;clip:rect(0,0,0,0)!important;height:1px!important;width:1px!important;border:0!important;overflow:hidden!important;padding:0!important;margin:0!important;\" required><\/div><div class=\"wpforms-submit-container\"><input type=\"hidden\" name=\"wpforms[id]\" value=\"1766\"><input type=\"hidden\" name=\"wpforms[author]\" value=\"1\"><button type=\"submit\" name=\"wpforms[submit]\" id=\"wpforms-submit-1766\" class=\"wpforms-submit\" data-alt-text=\"Senden...\" data-submit-text=\"Formular senden\" aria-live=\"assertive\" value=\"wpforms-submit\">Formular senden<\/button><\/div><input type=\"hidden\" id=\"ct_checkjs_wpforms_b86e8d03fe992d1b0e19656875ee557c\" name=\"ct_checkjs_wpforms\" value=\"0\" \/><script>setTimeout(function(){var ct_input_name = \"ct_checkjs_wpforms_b86e8d03fe992d1b0e19656875ee557c\";if (document.getElementById(ct_input_name) !== null) {var ct_input_value = document.getElementById(ct_input_name).value;document.getElementById(ct_input_name).value = document.getElementById(ct_input_name).value.replace(ct_input_value, 'eede3432968c9bbe661dfc4783d821ef1090712a79a594de8dcd0c5fe09c8796');}}, 1000);<\/script><input\n                    class=\"apbct_special_field apbct_email_id__wp_wpforms\"\n                    name=\"apbct__email_id__wp_wpforms\"\n                    aria-label=\"apbct__label_id__wp_wpforms\"\n                    type=\"text\" size=\"30\" maxlength=\"200\" autocomplete=\"off\"\n                    value=\"\"\n                \/><input\n                    class=\"apbct_special_field apbct_email_id__elementor_form\"\n                    name=\"apbct__email_id__elementor_form\"\n                    aria-label=\"apbct__label_id__elementor_form\"\n                    type=\"text\" size=\"30\" maxlength=\"200\" autocomplete=\"off\"\n                    value=\"\"\n                \/><\/form><\/div>  \t\t\t\t<\/div>\n\t\t\t\t<\/div>\n\t\t\t\t\t<\/div>\n\t\t<\/div>\n\t\t\t\t\t<\/div>\n\t\t<\/section>\n\t\t\t\t<\/div>\n\t\t","protected":false},"excerpt":{"rendered":"<p>Arbeitsdienstleistungen Bei Visa Residency verstehen wir, dass die Arbeitssuche in Europa ein herausfordernder Prozess sein kann. Deshalb bieten wir umfassende Arbeitsdienstleistungen an, die Ihnen helfen, Ihre Ziele zu erreichen. Unsere Arbeitsleistungen umfassen: Unterst\u00fctzung bei der Arbeitssuche Wir bieten Ihnen kompetente Unterst\u00fctzung bei der Stellensuche und helfen Ihnen, den richtigen Job in Europa zu finden, der [&hellip;]<\/p>\n","protected":false},"author":1,"featured_media":0,"parent":0,"menu_order":0,"comment_status":"closed","ping_status":"closed","template":"","meta":{"content-type":"","ocean_post_layout":"full-screen","ocean_both_sidebars_style":"","ocean_both_sidebars_content_width":0,"ocean_both_sidebars_sidebars_width":0,"ocean_sidebar":"0","ocean_second_sidebar":"0","ocean_disable_margins":"enable","ocean_add_body_class":"","ocean_shortcode_before_top_bar":"","ocean_shortcode_after_top_bar":"","ocean_shortcode_before_header":"","ocean_shortcode_after_header":"","ocean_has_shortcode":"","ocean_shortcode_after_title":"","ocean_shortcode_before_footer_widgets":"","ocean_shortcode_after_footer_widgets":"","ocean_shortcode_before_footer_bottom":"","ocean_shortcode_after_footer_bottom":"","ocean_display_top_bar":"default","ocean_display_header":"default","ocean_header_style":"","ocean_center_header_left_menu":"0","ocean_custom_header_template":"0","ocean_custom_logo":0,"ocean_custom_retina_logo":0,"ocean_custom_logo_max_width":0,"ocean_custom_logo_tablet_max_width":0,"ocean_custom_logo_mobile_max_width":0,"ocean_custom_logo_max_height":0,"ocean_custom_logo_tablet_max_height":0,"ocean_custom_logo_mobile_max_height":0,"ocean_header_custom_menu":"0","ocean_menu_typo_font_family":"0","ocean_menu_typo_font_subset":"","ocean_menu_typo_font_size":0,"ocean_menu_typo_font_size_tablet":0,"ocean_menu_typo_font_size_mobile":0,"ocean_menu_typo_font_size_unit":"px","ocean_menu_typo_font_weight":"","ocean_menu_typo_font_weight_tablet":"","ocean_menu_typo_font_weight_mobile":"","ocean_menu_typo_transform":"","ocean_menu_typo_transform_tablet":"","ocean_menu_typo_transform_mobile":"","ocean_menu_typo_line_height":0,"ocean_menu_typo_line_height_tablet":0,"ocean_menu_typo_line_height_mobile":0,"ocean_menu_typo_line_height_unit":"","ocean_menu_typo_spacing":0,"ocean_menu_typo_spacing_tablet":0,"ocean_menu_typo_spacing_mobile":0,"ocean_menu_typo_spacing_unit":"","ocean_menu_link_color":"","ocean_menu_link_color_hover":"","ocean_menu_link_color_active":"","ocean_menu_link_background":"","ocean_menu_link_hover_background":"","ocean_menu_link_active_background":"","ocean_menu_social_links_bg":"","ocean_menu_social_hover_links_bg":"","ocean_menu_social_links_color":"","ocean_menu_social_hover_links_color":"","ocean_disable_title":"default","ocean_disable_heading":"default","ocean_post_title":"","ocean_post_subheading":"","ocean_post_title_style":"background-image","ocean_post_title_background_color":"","ocean_post_title_background":1210,"ocean_post_title_bg_image_position":"center center","ocean_post_title_bg_image_attachment":"","ocean_post_title_bg_image_repeat":"","ocean_post_title_bg_image_size":"","ocean_post_title_height":0,"ocean_post_title_bg_overlay":0.5,"ocean_post_title_bg_overlay_color":"","ocean_disable_breadcrumbs":"default","ocean_breadcrumbs_color":"","ocean_breadcrumbs_separator_color":"","ocean_breadcrumbs_links_color":"","ocean_breadcrumbs_links_hover_color":"","ocean_display_footer_widgets":"default","ocean_display_footer_bottom":"default","ocean_custom_footer_template":"0","omw_enable_modal_window":"enable","footnotes":""},"class_list":["post-1819","page","type-page","status-publish","hentry","entry"],"_links":{"self":[{"href":"https:\/\/visaresidency.com\/de\/wp-json\/wp\/v2\/pages\/1819","targetHints":{"allow":["GET"]}}],"collection":[{"href":"https:\/\/visaresidency.com\/de\/wp-json\/wp\/v2\/pages"}],"about":[{"href":"https:\/\/visaresidency.com\/de\/wp-json\/wp\/v2\/types\/page"}],"author":[{"embeddable":true,"href":"https:\/\/visaresidency.com\/de\/wp-json\/wp\/v2\/users\/1"}],"replies":[{"embeddable":true,"href":"https:\/\/visaresidency.com\/de\/wp-json\/wp\/v2\/comments?post=1819"}],"version-history":[{"count":5,"href":"https:\/\/visaresidency.com\/de\/wp-json\/wp\/v2\/pages\/1819\/revisions"}],"predecessor-version":[{"id":1824,"href":"https:\/\/visaresidency.com\/de\/wp-json\/wp\/v2\/pages\/1819\/revisions\/1824"}],"wp:attachment":[{"href":"https:\/\/visaresidency.com\/de\/wp-json\/wp\/v2\/media?parent=1819"}],"curies":[{"name":"wp","href":"https:\/\/api.w.org\/{rel}","templated":true}]}}