{"id":1898,"date":"2023-02-21T00:49:09","date_gmt":"2023-02-21T00:49:09","guid":{"rendered":"https:\/\/visaresidency.com\/?page_id=1898"},"modified":"2023-03-03T00:14:06","modified_gmt":"2023-03-03T00:14:06","slug":"services-de-travail","status":"publish","type":"page","link":"https:\/\/visaresidency.com\/fr\/services-de-travail\/","title":{"rendered":"Services de Travail"},"content":{"rendered":"\t\t<div data-elementor-type=\"wp-page\" data-elementor-id=\"1898\" class=\"elementor elementor-1898\">\n\t\t\t\t\t\t<section class=\"elementor-section elementor-top-section elementor-element elementor-element-6bd9316 elementor-section-boxed elementor-section-height-default elementor-section-height-default\" data-id=\"6bd9316\" data-element_type=\"section\" data-settings=\"{&quot;background_background&quot;:&quot;classic&quot;}\">\n\t\t\t\t\t\t<div class=\"elementor-container elementor-column-gap-default\">\n\t\t\t\t\t<div class=\"elementor-column elementor-col-100 elementor-top-column elementor-element elementor-element-47c504e3\" data-id=\"47c504e3\" data-element_type=\"column\">\n\t\t\t<div class=\"elementor-widget-wrap elementor-element-populated\">\n\t\t\t\t\t\t<div class=\"elementor-element elementor-element-23dc3195 elementor-widget elementor-widget-image\" data-id=\"23dc3195\" data-element_type=\"widget\" data-widget_type=\"image.default\">\n\t\t\t\t<div class=\"elementor-widget-container\">\n\t\t\t\t\t\t\t\t\t\t\t\t\t\t\t<img fetchpriority=\"high\" decoding=\"async\" width=\"512\" height=\"512\" src=\"https:\/\/visaresidency.com\/oolsohee\/2023\/01\/visa-residency-favicon-512x512-1.png\" class=\"attachment-full size-full wp-image-21\" alt=\"\" srcset=\"https:\/\/visaresidency.com\/oolsohee\/2023\/01\/visa-residency-favicon-512x512-1.png 512w, https:\/\/visaresidency.com\/oolsohee\/2023\/01\/visa-residency-favicon-512x512-1-300x300.png 300w, https:\/\/visaresidency.com\/oolsohee\/2023\/01\/visa-residency-favicon-512x512-1-150x150.png 150w, https:\/\/visaresidency.com\/oolsohee\/2023\/01\/elementor\/thumbs\/visa-residency-favicon-512x512-1-q1h7k8j9vhvghtbh0lqj96lp61ezikch04udn2evhk.png 100w, https:\/\/visaresidency.com\/oolsohee\/2023\/01\/elementor\/thumbs\/visa-residency-favicon-512x512-1-q1h7k8j99kh8ot8lt5ay756indb66oqm28jskd69h0.png 50w, https:\/\/visaresidency.com\/oolsohee\/2023\/01\/elementor\/thumbs\/visa-residency-favicon-512x512-1-q1h7k8j91oaolkkj7qqxtg6t9g5h865s7bbnuwvyo0.png 32w\" sizes=\"(max-width: 512px) 100vw, 512px\" \/>\t\t\t\t\t\t\t\t\t\t\t\t\t\t\t<\/div>\n\t\t\t\t<\/div>\n\t\t\t\t<div class=\"elementor-element elementor-element-3ae913bf elementor-widget elementor-widget-heading\" data-id=\"3ae913bf\" data-element_type=\"widget\" data-widget_type=\"heading.default\">\n\t\t\t\t<div class=\"elementor-widget-container\">\n\t\t\t\t\t<h2 class=\"elementor-heading-title elementor-size-default\"><b>Services de Travail<\/b><\/h2>\t\t\t\t<\/div>\n\t\t\t\t<\/div>\n\t\t\t\t<div class=\"elementor-element elementor-element-32852eb0 elementor-widget elementor-widget-text-editor\" data-id=\"32852eb0\" data-element_type=\"widget\" data-widget_type=\"text-editor.default\">\n\t\t\t\t<div class=\"elementor-widget-container\">\n\t\t\t\t\t\t\t\t\t<p>Chez Visa Residency, nous comprenons que trouver du travail en Europe peut \u00eatre un processus difficile. C&#8217;est pourquoi nous offrons des services de travail complets pour vous aider \u00e0 atteindre vos objectifs.<\/p><p>Nos services de travail comprennent:<\/p>\t\t\t\t\t\t\t\t<\/div>\n\t\t\t\t<\/div>\n\t\t\t\t\t<\/div>\n\t\t<\/div>\n\t\t\t\t\t<\/div>\n\t\t<\/section>\n\t\t\t\t<section class=\"elementor-section elementor-top-section elementor-element elementor-element-0eb2f5c elementor-section-boxed elementor-section-height-default elementor-section-height-default\" data-id=\"0eb2f5c\" data-element_type=\"section\" data-settings=\"{&quot;background_background&quot;:&quot;classic&quot;}\">\n\t\t\t\t\t\t<div class=\"elementor-container elementor-column-gap-default\">\n\t\t\t\t\t<div class=\"elementor-column elementor-col-50 elementor-top-column elementor-element elementor-element-e6d0b9a\" data-id=\"e6d0b9a\" data-element_type=\"column\">\n\t\t\t<div class=\"elementor-widget-wrap elementor-element-populated\">\n\t\t\t\t\t\t<div class=\"elementor-element elementor-element-591f4d5 elementor-position-top elementor-invisible elementor-widget elementor-widget-image-box\" data-id=\"591f4d5\" data-element_type=\"widget\" data-settings=\"{&quot;_animation&quot;:&quot;fadeIn&quot;}\" data-widget_type=\"image-box.default\">\n\t\t\t\t<div class=\"elementor-widget-container\">\n\t\t\t\t\t<div class=\"elementor-image-box-wrapper\"><figure class=\"elementor-image-box-img\"><img decoding=\"async\" width=\"512\" height=\"512\" src=\"https:\/\/visaresidency.com\/oolsohee\/2022\/04\/heartbeat.png\" class=\"attachment-full size-full wp-image-561\" alt=\"\" srcset=\"https:\/\/visaresidency.com\/oolsohee\/2022\/04\/heartbeat.png 512w, https:\/\/visaresidency.com\/oolsohee\/2022\/04\/heartbeat-300x300.png 300w, https:\/\/visaresidency.com\/oolsohee\/2022\/04\/heartbeat-150x150.png 150w\" sizes=\"(max-width: 512px) 100vw, 512px\" \/><\/figure><div class=\"elementor-image-box-content\"><h3 class=\"elementor-image-box-title\">Aide \u00e0 la recherche d'emploi<\/h3><p class=\"elementor-image-box-description\">Nous vous fournirons une aide experte \u00e0 la recherche d'emploi, vous aidant \u00e0 trouver le bon emploi en Europe qui correspond \u00e0 vos comp\u00e9tences et \u00e0 votre exp\u00e9rience.<\/p><\/div><\/div>\t\t\t\t<\/div>\n\t\t\t\t<\/div>\n\t\t\t\t<div class=\"elementor-element elementor-element-a487a87 elementor-position-top elementor-invisible elementor-widget elementor-widget-image-box\" data-id=\"a487a87\" data-element_type=\"widget\" data-settings=\"{&quot;_animation&quot;:&quot;fadeIn&quot;}\" data-widget_type=\"image-box.default\">\n\t\t\t\t<div class=\"elementor-widget-container\">\n\t\t\t\t\t<div class=\"elementor-image-box-wrapper\"><figure class=\"elementor-image-box-img\"><img decoding=\"async\" width=\"512\" height=\"512\" src=\"https:\/\/visaresidency.com\/oolsohee\/2022\/04\/heartbeat.png\" class=\"attachment-full size-full wp-image-561\" alt=\"\" srcset=\"https:\/\/visaresidency.com\/oolsohee\/2022\/04\/heartbeat.png 512w, https:\/\/visaresidency.com\/oolsohee\/2022\/04\/heartbeat-300x300.png 300w, https:\/\/visaresidency.com\/oolsohee\/2022\/04\/heartbeat-150x150.png 150w\" sizes=\"(max-width: 512px) 100vw, 512px\" \/><\/figure><div class=\"elementor-image-box-content\"><h3 class=\"elementor-image-box-title\">Pr\u00e9paration \u00e0 l'entretien<\/h3><p class=\"elementor-image-box-description\">Nous vous aiderons \u00e0 vous pr\u00e9parer aux entretiens d'embauche, en vous donnant la confiance et les connaissances dont vous avez besoin pour r\u00e9ussir.<\/p><\/div><\/div>\t\t\t\t<\/div>\n\t\t\t\t<\/div>\n\t\t\t\t\t<\/div>\n\t\t<\/div>\n\t\t\t\t<div class=\"elementor-column elementor-col-50 elementor-top-column elementor-element elementor-element-77df01a\" data-id=\"77df01a\" data-element_type=\"column\">\n\t\t\t<div class=\"elementor-widget-wrap elementor-element-populated\">\n\t\t\t\t\t\t<div class=\"elementor-element elementor-element-11dd1e6 elementor-position-top elementor-invisible elementor-widget elementor-widget-image-box\" data-id=\"11dd1e6\" data-element_type=\"widget\" data-settings=\"{&quot;_animation&quot;:&quot;fadeIn&quot;}\" data-widget_type=\"image-box.default\">\n\t\t\t\t<div class=\"elementor-widget-container\">\n\t\t\t\t\t<div class=\"elementor-image-box-wrapper\"><figure class=\"elementor-image-box-img\"><img decoding=\"async\" width=\"512\" height=\"512\" src=\"https:\/\/visaresidency.com\/oolsohee\/2022\/04\/heartbeat.png\" class=\"attachment-full size-full wp-image-561\" alt=\"\" srcset=\"https:\/\/visaresidency.com\/oolsohee\/2022\/04\/heartbeat.png 512w, https:\/\/visaresidency.com\/oolsohee\/2022\/04\/heartbeat-300x300.png 300w, https:\/\/visaresidency.com\/oolsohee\/2022\/04\/heartbeat-150x150.png 150w\" sizes=\"(max-width: 512px) 100vw, 512px\" \/><\/figure><div class=\"elementor-image-box-content\"><h3 class=\"elementor-image-box-title\">Aide au curriculum vitae et \u00e0 la lettre de motivation<\/h3><p class=\"elementor-image-box-description\">Nous vous aiderons \u00e0 cr\u00e9er un CV et une lettre de motivation professionnels, en veillant \u00e0 ce que vous fassiez la meilleure impression possible sur les employeurs potentiels.<\/p><\/div><\/div>\t\t\t\t<\/div>\n\t\t\t\t<\/div>\n\t\t\t\t<div class=\"elementor-element elementor-element-306c6d1 elementor-position-top elementor-invisible elementor-widget elementor-widget-image-box\" data-id=\"306c6d1\" data-element_type=\"widget\" data-settings=\"{&quot;_animation&quot;:&quot;fadeIn&quot;}\" data-widget_type=\"image-box.default\">\n\t\t\t\t<div class=\"elementor-widget-container\">\n\t\t\t\t\t<div class=\"elementor-image-box-wrapper\"><figure class=\"elementor-image-box-img\"><img decoding=\"async\" width=\"512\" height=\"512\" src=\"https:\/\/visaresidency.com\/oolsohee\/2022\/04\/heartbeat.png\" class=\"attachment-full size-full wp-image-561\" alt=\"\" srcset=\"https:\/\/visaresidency.com\/oolsohee\/2022\/04\/heartbeat.png 512w, https:\/\/visaresidency.com\/oolsohee\/2022\/04\/heartbeat-300x300.png 300w, https:\/\/visaresidency.com\/oolsohee\/2022\/04\/heartbeat-150x150.png 150w\" sizes=\"(max-width: 512px) 100vw, 512px\" \/><\/figure><div class=\"elementor-image-box-content\"><h3 class=\"elementor-image-box-title\">Aide au permis de travail<\/h3><p class=\"elementor-image-box-description\">Nous vous aiderons \u00e0 obtenir le permis de travail n\u00e9cessaire, en veillant \u00e0 ce que vous puissiez commencer \u00e0 travailler d\u00e8s que possible.<br><br><\/p><\/div><\/div>\t\t\t\t<\/div>\n\t\t\t\t<\/div>\n\t\t\t\t\t<\/div>\n\t\t<\/div>\n\t\t\t\t\t<\/div>\n\t\t<\/section>\n\t\t\t\t<section class=\"elementor-section elementor-top-section elementor-element elementor-element-050a893 elementor-section-boxed elementor-section-height-default elementor-section-height-default\" data-id=\"050a893\" data-element_type=\"section\" data-settings=\"{&quot;background_background&quot;:&quot;classic&quot;}\">\n\t\t\t\t\t\t<div class=\"elementor-container elementor-column-gap-default\">\n\t\t\t\t\t<div class=\"elementor-column elementor-col-100 elementor-top-column elementor-element elementor-element-da1ac21\" data-id=\"da1ac21\" data-element_type=\"column\">\n\t\t\t<div class=\"elementor-widget-wrap elementor-element-populated\">\n\t\t\t\t\t\t<div class=\"elementor-element elementor-element-79e7448 elementor-widget elementor-widget-heading\" data-id=\"79e7448\" data-element_type=\"widget\" data-widget_type=\"heading.default\">\n\t\t\t\t<div class=\"elementor-widget-container\">\n\t\t\t\t\t<h2 class=\"elementor-heading-title elementor-size-default\">Chez Visa Residency, nous croyons que la cl\u00e9 de notre succ\u00e8s est notre engagement envers nos clients. Nous sommes l\u00e0 pour vous fournir des conseils d'experts, un soutien et des r\u00e9sultats positifs, et nous ferons tout ce qui est en notre pouvoir pour vous aider \u00e0 atteindre vos objectifs.\nSi vous avez des questions ou souhaitez en savoir plus sur nos services de travail, n'h\u00e9sitez pas \u00e0 nous contacter. Nous sommes l\u00e0 pour vous aider et nous sommes impatients de travailler avec vous.<\/h2>\t\t\t\t<\/div>\n\t\t\t\t<\/div>\n\t\t\t\t\t<\/div>\n\t\t<\/div>\n\t\t\t\t\t<\/div>\n\t\t<\/section>\n\t\t\t\t<section class=\"elementor-section elementor-top-section elementor-element elementor-element-9b61bc0 elementor-section-boxed elementor-section-height-default elementor-section-height-default\" data-id=\"9b61bc0\" data-element_type=\"section\" data-settings=\"{&quot;background_background&quot;:&quot;classic&quot;}\">\n\t\t\t\t\t\t<div class=\"elementor-container elementor-column-gap-default\">\n\t\t\t\t\t<div class=\"elementor-column elementor-col-100 elementor-top-column elementor-element elementor-element-2528dc8\" data-id=\"2528dc8\" data-element_type=\"column\">\n\t\t\t<div class=\"elementor-widget-wrap elementor-element-populated\">\n\t\t\t\t\t\t<div class=\"elementor-element elementor-element-def8cb3 elementor-widget elementor-widget-wpforms\" data-id=\"def8cb3\" data-element_type=\"widget\" data-widget_type=\"wpforms.default\">\n\t\t\t\t<div class=\"elementor-widget-container\">\n\t\t\t\t\t<div class=\"wpforms-container wpforms-container-full\" id=\"wpforms-1843\"><form id=\"wpforms-form-1843\" class=\"wpforms-validate wpforms-form\" data-formid=\"1843\" method=\"post\" enctype=\"multipart\/form-data\" action=\"\/fr\/wp-json\/wp\/v2\/pages\/1898?wpforms_form_id=1843\" data-token=\"dc9b7958dea1820ac4c4cdc222f68514\"><noscript class=\"wpforms-error-noscript\">Veuillez activer JavaScript dans votre navigateur pour remplir ce formulaire.<\/noscript><div class=\"wpforms-field-container\"><div id=\"wpforms-1843-field_8-container\" class=\"wpforms-field wpforms-field-layout\" data-field-id=\"8\"><label class=\"wpforms-field-label wpforms-label-hide\" for=\"wpforms-1843-field_8\">Layout<\/label><div class=\"wpforms-field-layout-columns wpforms-field-layout-preset-50-50\"><div class=\"wpforms-layout-column wpforms-layout-column-50\"><div id=\"wpforms-1843-field_15-container\" class=\"wpforms-field wpforms-field-text\" data-field-id=\"15\"><label class=\"wpforms-field-label wpforms-label-hide\" for=\"wpforms-1843-field_15\">Pr\u00e9nom <span class=\"wpforms-required-label\">*<\/span><\/label><input type=\"text\" id=\"wpforms-1843-field_15\" class=\"wpforms-field-medium wpforms-field-required\" name=\"wpforms[fields][15]\" placeholder=\"Pr\u00e9nom\" required><\/div><div id=\"wpforms-1843-field_1-container\" class=\"wpforms-field wpforms-field-email\" data-field-id=\"1\"><label class=\"wpforms-field-label wpforms-label-hide\" for=\"wpforms-1843-field_1\">Votre E-Mail <span class=\"wpforms-required-label\">*<\/span><\/label><input type=\"email\" id=\"wpforms-1843-field_1\" class=\"wpforms-field-large wpforms-field-required\" name=\"wpforms[fields][1]\" placeholder=\"Votre E-Mail\" required><\/div><\/div><div class=\"wpforms-layout-column wpforms-layout-column-50\"><div id=\"wpforms-1843-field_16-container\" class=\"wpforms-field wpforms-field-text\" data-field-id=\"16\"><label class=\"wpforms-field-label wpforms-label-hide\" for=\"wpforms-1843-field_16\">Nom de Famille <span class=\"wpforms-required-label\">*<\/span><\/label><input type=\"text\" id=\"wpforms-1843-field_16\" class=\"wpforms-field-medium wpforms-field-required\" name=\"wpforms[fields][16]\" placeholder=\"Nom de Famille\" required><\/div><div id=\"wpforms-1843-field_9-container\" class=\"wpforms-field wpforms-field-phone\" data-field-id=\"9\"><label class=\"wpforms-field-label wpforms-label-hide\" for=\"wpforms-1843-field_9\">T\u00e9l\u00e9phone <span class=\"wpforms-required-label\">*<\/span><\/label><input type=\"tel\" id=\"wpforms-1843-field_9\" class=\"wpforms-field-medium wpforms-field-required wpforms-smart-phone-field\" data-rule-smart-phone-field=\"true\" name=\"wpforms[fields][9]\" placeholder=\"Num\u00e9ro de T\u00e9l\u00e9phone\" required><\/div><\/div><\/div><\/div><div id=\"wpforms-1843-field_18-container\" class=\"wpforms-field wpforms-field-text\" data-field-id=\"18\"><label class=\"wpforms-field-label wpforms-label-hide\" for=\"wpforms-1843-field_18\">Dans Quel Pays Vivez-Vous? <span class=\"wpforms-required-label\">*<\/span><\/label><input type=\"text\" id=\"wpforms-1843-field_18\" class=\"wpforms-field-large wpforms-field-required\" name=\"wpforms[fields][18]\" placeholder=\"Dans Quel Pays Vivez-Vous?\" required><\/div><div id=\"wpforms-1843-field_7-container\" class=\"wpforms-field wpforms-field-text\" data-field-id=\"7\"><label class=\"wpforms-field-label wpforms-label-hide\" for=\"wpforms-1843-field_7\">Where <span class=\"wpforms-required-label\">*<\/span><\/label><input type=\"text\" id=\"wpforms-1843-field_7\" class=\"wpforms-field-large wpforms-field-required\" name=\"wpforms[fields][7]\" placeholder=\"O\u00f9 avez-vous entendu parler de nous?\" required><div class=\"wpforms-field-description\">Si un responsable de la Wocopa vous a r\u00e9f\u00e9r\u00e9, veuillez \u00e9crire son nom.<\/div><\/div><div id=\"wpforms-1843-field_10-container\" class=\"wpforms-field wpforms-field-file-upload\" data-field-id=\"10\"><label class=\"wpforms-field-label\" for=\"wpforms-1843-field_10\">Veuillez t\u00e9l\u00e9charger votre CV<\/label><div\n\t\tclass=\"wpforms-uploader\"\n\t\tdata-field-id=\"10\"\n\t\tdata-form-id=\"1843\"\n\t\tdata-input-name=\"wpforms_1843_10\"\n\t\tdata-extensions=\"pdf,xls,xlsx,ppt,pptx,doc,docx,jpeg,jpg,png\"\n\t\tdata-max-size=\"5242880\"\n\t\tdata-max-file-number=\"3\"\n\t\tdata-post-max-size=\"1073741824\"\n\t\tdata-max-parallel-uploads=\"4\"\n\t\tdata-parallel-uploads=\"true\"\n\t\tdata-file-chunk-size=\"2097152\">\n\t<div class=\"dz-message\">\n\t\t<svg viewBox=\"0 0 1024 1024\" focusable=\"false\" data-icon=\"inbox\" width=\"50px\" height=\"50px\" fill=\"#b1b1b1\" aria-hidden=\"true\">\n\t\t\t<path d=\"M885.2 446.3l-.2-.8-112.2-285.1c-5-16.1-19.9-27.2-36.8-27.2H281.2c-17 0-32.1 11.3-36.9 27.6L139.4 443l-.3.7-.2.8c-1.3 4.9-1.7 9.9-1 14.8-.1 1.6-.2 3.2-.2 4.8V830a60.9 60.9 0 0 0 60.8 60.8h627.2c33.5 0 60.8-27.3 60.9-60.8V464.1c0-1.3 0-2.6-.1-3.7.4-4.9 0-9.6-1.3-14.1zm-295.8-43l-.3 15.7c-.8 44.9-31.8 75.1-77.1 75.1-22.1 0-41.1-7.1-54.8-20.6S436 441.2 435.6 419l-.3-15.7H229.5L309 210h399.2l81.7 193.3H589.4zm-375 76.8h157.3c24.3 57.1 76 90.8 140.4 90.8 33.7 0 65-9.4 90.3-27.2 22.2-15.6 39.5-37.4 50.7-63.6h156.5V814H214.4V480.1z\"><\/path>\n\t\t<\/svg>\n\t\t<span class=\"modern-title\">Cliquez ou d\u00e9placez les fichiers vers cette zone pour les t\u00e9l\u00e9verser.<\/span>\n\n\t\t\t\t\t<span class=\"modern-hint\">Vous pouvez t\u00e9l\u00e9verser jusqu\u2019\u00e0 3 fichiers.<\/span>\n\t\t\t<\/div>\n<\/div>\n<input\n\t\ttype=\"text\"\n\t\tautocomplete=\"off\"\n\t\tclass=\"dropzone-input\"\n\t\tstyle=\"position:absolute!important;clip:rect(0,0,0,0)!important;height:1px!important;width:1px!important;border:0!important;overflow:hidden!important;padding:0!important;margin:0!important;\"\n\t\tid=\"wpforms-1843-field_10\"\n\t\tname=\"wpforms_1843_10\" \t\tvalue=\"\">\n<\/div><div id=\"wpforms-1843-field_6-container\" class=\"wpforms-field wpforms-field-checkbox\" data-field-id=\"6\"><label class=\"wpforms-field-label wpforms-label-hide\" for=\"wpforms-1843-field_6\">Accept <span class=\"wpforms-required-label\">*<\/span><\/label><ul id=\"wpforms-1843-field_6\" class=\"wpforms-field-required\"><li class=\"choice-1 depth-1\"><input type=\"checkbox\" id=\"wpforms-1843-field_6_1\" name=\"wpforms[fields][6][]\" value=\"I read and accept &lt;a href=&quot;#omw-904&quot; class=&quot;omw-open-modal&quot;&gt;Terms and Conditions&lt;\/a&gt;\" required ><label class=\"wpforms-field-label-inline\" for=\"wpforms-1843-field_6_1\">I read and accept <a href=\"#omw-904\" class=\"omw-open-modal\">Terms and Conditions<\/a><\/label><\/li><\/ul><\/div><\/div><div class=\"wpforms-field wpforms-field-hp\"><label for=\"wpforms-1843-field-hp\" class=\"wpforms-field-label\">Message<\/label><input type=\"text\" name=\"wpforms[hp]\" id=\"wpforms-1843-field-hp\" class=\"wpforms-field-medium\"><\/div><div class=\"wpforms-recaptcha-container wpforms-is-recaptcha\"><div class=\"g-recaptcha\" data-sitekey=\"6Ldtjh8nAAAAAGuwxNRbnWO1nYZdlIlvu73eD8Fk\"><\/div><input type=\"text\" name=\"g-recaptcha-hidden\" class=\"wpforms-recaptcha-hidden\" style=\"position:absolute!important;clip:rect(0,0,0,0)!important;height:1px!important;width:1px!important;border:0!important;overflow:hidden!important;padding:0!important;margin:0!important;\" required><\/div><div class=\"wpforms-submit-container\"><input type=\"hidden\" name=\"wpforms[id]\" value=\"1843\"><input type=\"hidden\" name=\"wpforms[author]\" value=\"1\"><button type=\"submit\" name=\"wpforms[submit]\" id=\"wpforms-submit-1843\" class=\"wpforms-submit\" data-alt-text=\"Envoyer...\" data-submit-text=\"Envoyer le Formulaire\" aria-live=\"assertive\" value=\"wpforms-submit\">Envoyer le Formulaire<\/button><\/div><input type=\"hidden\" id=\"ct_checkjs_wpforms_1fc214004c9481e4c8073e85323bfd4b\" name=\"ct_checkjs_wpforms\" value=\"0\" \/><script>setTimeout(function(){var ct_input_name = \"ct_checkjs_wpforms_1fc214004c9481e4c8073e85323bfd4b\";if (document.getElementById(ct_input_name) !== null) {var ct_input_value = document.getElementById(ct_input_name).value;document.getElementById(ct_input_name).value = document.getElementById(ct_input_name).value.replace(ct_input_value, 'eede3432968c9bbe661dfc4783d821ef1090712a79a594de8dcd0c5fe09c8796');}}, 1000);<\/script><input\n                    class=\"apbct_special_field apbct_email_id__wp_wpforms\"\n                    name=\"apbct__email_id__wp_wpforms\"\n                    aria-label=\"apbct__label_id__wp_wpforms\"\n                    type=\"text\" size=\"30\" maxlength=\"200\" autocomplete=\"off\"\n                    value=\"\"\n                \/><input\n                    class=\"apbct_special_field apbct_email_id__elementor_form\"\n                    name=\"apbct__email_id__elementor_form\"\n                    aria-label=\"apbct__label_id__elementor_form\"\n                    type=\"text\" size=\"30\" maxlength=\"200\" autocomplete=\"off\"\n                    value=\"\"\n                \/><\/form><\/div>  \t\t\t\t<\/div>\n\t\t\t\t<\/div>\n\t\t\t\t\t<\/div>\n\t\t<\/div>\n\t\t\t\t\t<\/div>\n\t\t<\/section>\n\t\t\t\t<\/div>\n\t\t","protected":false},"excerpt":{"rendered":"<p>Services de Travail Chez Visa Residency, nous comprenons que trouver du travail en Europe peut \u00eatre un processus difficile. C&#8217;est pourquoi nous offrons des services de travail complets pour vous aider \u00e0 atteindre vos objectifs. Nos services de travail comprennent: Aide \u00e0 la recherche d&#8217;emploi Nous vous fournirons une aide experte \u00e0 la recherche d&#8217;emploi, [&hellip;]<\/p>\n","protected":false},"author":1,"featured_media":0,"parent":0,"menu_order":0,"comment_status":"closed","ping_status":"closed","template":"","meta":{"content-type":"","ocean_post_layout":"full-screen","ocean_both_sidebars_style":"","ocean_both_sidebars_content_width":0,"ocean_both_sidebars_sidebars_width":0,"ocean_sidebar":"0","ocean_second_sidebar":"0","ocean_disable_margins":"enable","ocean_add_body_class":"","ocean_shortcode_before_top_bar":"","ocean_shortcode_after_top_bar":"","ocean_shortcode_before_header":"","ocean_shortcode_after_header":"","ocean_has_shortcode":"","ocean_shortcode_after_title":"","ocean_shortcode_before_footer_widgets":"","ocean_shortcode_after_footer_widgets":"","ocean_shortcode_before_footer_bottom":"","ocean_shortcode_after_footer_bottom":"","ocean_display_top_bar":"default","ocean_display_header":"default","ocean_header_style":"","ocean_center_header_left_menu":"0","ocean_custom_header_template":"0","ocean_custom_logo":0,"ocean_custom_retina_logo":0,"ocean_custom_logo_max_width":0,"ocean_custom_logo_tablet_max_width":0,"ocean_custom_logo_mobile_max_width":0,"ocean_custom_logo_max_height":0,"ocean_custom_logo_tablet_max_height":0,"ocean_custom_logo_mobile_max_height":0,"ocean_header_custom_menu":"0","ocean_menu_typo_font_family":"0","ocean_menu_typo_font_subset":"","ocean_menu_typo_font_size":0,"ocean_menu_typo_font_size_tablet":0,"ocean_menu_typo_font_size_mobile":0,"ocean_menu_typo_font_size_unit":"px","ocean_menu_typo_font_weight":"","ocean_menu_typo_font_weight_tablet":"","ocean_menu_typo_font_weight_mobile":"","ocean_menu_typo_transform":"","ocean_menu_typo_transform_tablet":"","ocean_menu_typo_transform_mobile":"","ocean_menu_typo_line_height":0,"ocean_menu_typo_line_height_tablet":0,"ocean_menu_typo_line_height_mobile":0,"ocean_menu_typo_line_height_unit":"","ocean_menu_typo_spacing":0,"ocean_menu_typo_spacing_tablet":0,"ocean_menu_typo_spacing_mobile":0,"ocean_menu_typo_spacing_unit":"","ocean_menu_link_color":"","ocean_menu_link_color_hover":"","ocean_menu_link_color_active":"","ocean_menu_link_background":"","ocean_menu_link_hover_background":"","ocean_menu_link_active_background":"","ocean_menu_social_links_bg":"","ocean_menu_social_hover_links_bg":"","ocean_menu_social_links_color":"","ocean_menu_social_hover_links_color":"","ocean_disable_title":"default","ocean_disable_heading":"default","ocean_post_title":"","ocean_post_subheading":"","ocean_post_title_style":"background-image","ocean_post_title_background_color":"","ocean_post_title_background":1542,"ocean_post_title_bg_image_position":"center center","ocean_post_title_bg_image_attachment":"","ocean_post_title_bg_image_repeat":"","ocean_post_title_bg_image_size":"","ocean_post_title_height":0,"ocean_post_title_bg_overlay":0.5,"ocean_post_title_bg_overlay_color":"","ocean_disable_breadcrumbs":"default","ocean_breadcrumbs_color":"","ocean_breadcrumbs_separator_color":"","ocean_breadcrumbs_links_color":"","ocean_breadcrumbs_links_hover_color":"","ocean_display_footer_widgets":"default","ocean_display_footer_bottom":"default","ocean_custom_footer_template":"0","omw_enable_modal_window":"enable","footnotes":""},"class_list":["post-1898","page","type-page","status-publish","hentry","entry"],"_links":{"self":[{"href":"https:\/\/visaresidency.com\/fr\/wp-json\/wp\/v2\/pages\/1898","targetHints":{"allow":["GET"]}}],"collection":[{"href":"https:\/\/visaresidency.com\/fr\/wp-json\/wp\/v2\/pages"}],"about":[{"href":"https:\/\/visaresidency.com\/fr\/wp-json\/wp\/v2\/types\/page"}],"author":[{"embeddable":true,"href":"https:\/\/visaresidency.com\/fr\/wp-json\/wp\/v2\/users\/1"}],"replies":[{"embeddable":true,"href":"https:\/\/visaresidency.com\/fr\/wp-json\/wp\/v2\/comments?post=1898"}],"version-history":[{"count":4,"href":"https:\/\/visaresidency.com\/fr\/wp-json\/wp\/v2\/pages\/1898\/revisions"}],"predecessor-version":[{"id":1902,"href":"https:\/\/visaresidency.com\/fr\/wp-json\/wp\/v2\/pages\/1898\/revisions\/1902"}],"wp:attachment":[{"href":"https:\/\/visaresidency.com\/fr\/wp-json\/wp\/v2\/media?parent=1898"}],"curies":[{"name":"wp","href":"https:\/\/api.w.org\/{rel}","templated":true}]}}