{"id":2030,"date":"2023-02-21T00:49:09","date_gmt":"2023-02-21T00:49:09","guid":{"rendered":"https:\/\/visaresidency.com\/?page_id=2030"},"modified":"2023-03-03T03:05:13","modified_gmt":"2023-03-03T03:05:13","slug":"servicos-de-trabalho","status":"publish","type":"page","link":"https:\/\/visaresidency.com\/pt-pt\/servicos-de-trabalho\/","title":{"rendered":"Servi\u00e7os De Trabalho"},"content":{"rendered":"\t\t<div data-elementor-type=\"wp-page\" data-elementor-id=\"2030\" class=\"elementor elementor-2030\">\n\t\t\t\t\t\t<section class=\"elementor-section elementor-top-section elementor-element elementor-element-6bd9316 elementor-section-boxed elementor-section-height-default elementor-section-height-default\" data-id=\"6bd9316\" data-element_type=\"section\" data-settings=\"{&quot;background_background&quot;:&quot;classic&quot;}\">\n\t\t\t\t\t\t<div class=\"elementor-container elementor-column-gap-default\">\n\t\t\t\t\t<div class=\"elementor-column elementor-col-100 elementor-top-column elementor-element elementor-element-47c504e3\" data-id=\"47c504e3\" data-element_type=\"column\">\n\t\t\t<div class=\"elementor-widget-wrap elementor-element-populated\">\n\t\t\t\t\t\t<div class=\"elementor-element elementor-element-23dc3195 elementor-widget elementor-widget-image\" data-id=\"23dc3195\" data-element_type=\"widget\" data-widget_type=\"image.default\">\n\t\t\t\t<div class=\"elementor-widget-container\">\n\t\t\t\t\t\t\t\t\t\t\t\t\t\t\t<img fetchpriority=\"high\" decoding=\"async\" width=\"512\" height=\"512\" src=\"https:\/\/visaresidency.com\/oolsohee\/2023\/01\/visa-residency-favicon-512x512-1.png\" class=\"attachment-full size-full wp-image-21\" alt=\"\" srcset=\"https:\/\/visaresidency.com\/oolsohee\/2023\/01\/visa-residency-favicon-512x512-1.png 512w, https:\/\/visaresidency.com\/oolsohee\/2023\/01\/visa-residency-favicon-512x512-1-300x300.png 300w, https:\/\/visaresidency.com\/oolsohee\/2023\/01\/visa-residency-favicon-512x512-1-150x150.png 150w, https:\/\/visaresidency.com\/oolsohee\/2023\/01\/elementor\/thumbs\/visa-residency-favicon-512x512-1-q1h7k8j9vhvghtbh0lqj96lp61ezikch04udn2evhk.png 100w, https:\/\/visaresidency.com\/oolsohee\/2023\/01\/elementor\/thumbs\/visa-residency-favicon-512x512-1-q1h7k8j99kh8ot8lt5ay756indb66oqm28jskd69h0.png 50w, https:\/\/visaresidency.com\/oolsohee\/2023\/01\/elementor\/thumbs\/visa-residency-favicon-512x512-1-q1h7k8j91oaolkkj7qqxtg6t9g5h865s7bbnuwvyo0.png 32w\" sizes=\"(max-width: 512px) 100vw, 512px\" \/>\t\t\t\t\t\t\t\t\t\t\t\t\t\t\t<\/div>\n\t\t\t\t<\/div>\n\t\t\t\t<div class=\"elementor-element elementor-element-3ae913bf elementor-widget elementor-widget-heading\" data-id=\"3ae913bf\" data-element_type=\"widget\" data-widget_type=\"heading.default\">\n\t\t\t\t<div class=\"elementor-widget-container\">\n\t\t\t\t\t<h2 class=\"elementor-heading-title elementor-size-default\"><b>Servi\u00e7os De Trabalho<\/b><\/h2>\t\t\t\t<\/div>\n\t\t\t\t<\/div>\n\t\t\t\t<div class=\"elementor-element elementor-element-32852eb0 elementor-widget elementor-widget-text-editor\" data-id=\"32852eb0\" data-element_type=\"widget\" data-widget_type=\"text-editor.default\">\n\t\t\t\t<div class=\"elementor-widget-container\">\n\t\t\t\t\t\t\t\t\t<p>Na Visa Residency, entendemos que encontrar trabalho na Europa pode ser um processo desafiador. \u00c9 por isso que oferecemos servi\u00e7os de trabalho abrangentes para ajud\u00e1-lo a atingir seus objetivos.<\/p><p>Os nossos servi\u00e7os de trabalho incluem:<\/p>\t\t\t\t\t\t\t\t<\/div>\n\t\t\t\t<\/div>\n\t\t\t\t\t<\/div>\n\t\t<\/div>\n\t\t\t\t\t<\/div>\n\t\t<\/section>\n\t\t\t\t<section class=\"elementor-section elementor-top-section elementor-element elementor-element-0eb2f5c elementor-section-boxed elementor-section-height-default elementor-section-height-default\" data-id=\"0eb2f5c\" data-element_type=\"section\" data-settings=\"{&quot;background_background&quot;:&quot;classic&quot;}\">\n\t\t\t\t\t\t<div class=\"elementor-container elementor-column-gap-default\">\n\t\t\t\t\t<div class=\"elementor-column elementor-col-50 elementor-top-column elementor-element elementor-element-e6d0b9a\" data-id=\"e6d0b9a\" data-element_type=\"column\">\n\t\t\t<div class=\"elementor-widget-wrap elementor-element-populated\">\n\t\t\t\t\t\t<div class=\"elementor-element elementor-element-591f4d5 elementor-position-top elementor-invisible elementor-widget elementor-widget-image-box\" data-id=\"591f4d5\" data-element_type=\"widget\" data-settings=\"{&quot;_animation&quot;:&quot;fadeIn&quot;}\" data-widget_type=\"image-box.default\">\n\t\t\t\t<div class=\"elementor-widget-container\">\n\t\t\t\t\t<div class=\"elementor-image-box-wrapper\"><figure class=\"elementor-image-box-img\"><img decoding=\"async\" width=\"512\" height=\"512\" src=\"https:\/\/visaresidency.com\/oolsohee\/2022\/04\/heartbeat.png\" class=\"attachment-full size-full wp-image-561\" alt=\"\" srcset=\"https:\/\/visaresidency.com\/oolsohee\/2022\/04\/heartbeat.png 512w, https:\/\/visaresidency.com\/oolsohee\/2022\/04\/heartbeat-300x300.png 300w, https:\/\/visaresidency.com\/oolsohee\/2022\/04\/heartbeat-150x150.png 150w\" sizes=\"(max-width: 512px) 100vw, 512px\" \/><\/figure><div class=\"elementor-image-box-content\"><h3 class=\"elementor-image-box-title\">Assist\u00eancia \u00e0 procura de emprego<\/h3><p class=\"elementor-image-box-description\">Forneceremos assist\u00eancia especializada na procura de emprego, ajudando-o a encontrar o emprego certo na Europa que corresponda \u00e0s suas compet\u00eancias e experi\u00eancia.<\/p><\/div><\/div>\t\t\t\t<\/div>\n\t\t\t\t<\/div>\n\t\t\t\t<div class=\"elementor-element elementor-element-a487a87 elementor-position-top elementor-invisible elementor-widget elementor-widget-image-box\" data-id=\"a487a87\" data-element_type=\"widget\" data-settings=\"{&quot;_animation&quot;:&quot;fadeIn&quot;}\" data-widget_type=\"image-box.default\">\n\t\t\t\t<div class=\"elementor-widget-container\">\n\t\t\t\t\t<div class=\"elementor-image-box-wrapper\"><figure class=\"elementor-image-box-img\"><img decoding=\"async\" width=\"512\" height=\"512\" src=\"https:\/\/visaresidency.com\/oolsohee\/2022\/04\/heartbeat.png\" class=\"attachment-full size-full wp-image-561\" alt=\"\" srcset=\"https:\/\/visaresidency.com\/oolsohee\/2022\/04\/heartbeat.png 512w, https:\/\/visaresidency.com\/oolsohee\/2022\/04\/heartbeat-300x300.png 300w, https:\/\/visaresidency.com\/oolsohee\/2022\/04\/heartbeat-150x150.png 150w\" sizes=\"(max-width: 512px) 100vw, 512px\" \/><\/figure><div class=\"elementor-image-box-content\"><h3 class=\"elementor-image-box-title\">Prepara\u00e7\u00e3o da entrevista<\/h3><p class=\"elementor-image-box-description\">Ajudaremos voc\u00ea a se preparar para entrevistas de emprego, dando-lhe a confian\u00e7a e o conhecimento de que precisa para ter sucesso.<\/p><\/div><\/div>\t\t\t\t<\/div>\n\t\t\t\t<\/div>\n\t\t\t\t\t<\/div>\n\t\t<\/div>\n\t\t\t\t<div class=\"elementor-column elementor-col-50 elementor-top-column elementor-element elementor-element-77df01a\" data-id=\"77df01a\" data-element_type=\"column\">\n\t\t\t<div class=\"elementor-widget-wrap elementor-element-populated\">\n\t\t\t\t\t\t<div class=\"elementor-element elementor-element-11dd1e6 elementor-position-top elementor-invisible elementor-widget elementor-widget-image-box\" data-id=\"11dd1e6\" data-element_type=\"widget\" data-settings=\"{&quot;_animation&quot;:&quot;fadeIn&quot;}\" data-widget_type=\"image-box.default\">\n\t\t\t\t<div class=\"elementor-widget-container\">\n\t\t\t\t\t<div class=\"elementor-image-box-wrapper\"><figure class=\"elementor-image-box-img\"><img decoding=\"async\" width=\"512\" height=\"512\" src=\"https:\/\/visaresidency.com\/oolsohee\/2022\/04\/heartbeat.png\" class=\"attachment-full size-full wp-image-561\" alt=\"\" srcset=\"https:\/\/visaresidency.com\/oolsohee\/2022\/04\/heartbeat.png 512w, https:\/\/visaresidency.com\/oolsohee\/2022\/04\/heartbeat-300x300.png 300w, https:\/\/visaresidency.com\/oolsohee\/2022\/04\/heartbeat-150x150.png 150w\" sizes=\"(max-width: 512px) 100vw, 512px\" \/><\/figure><div class=\"elementor-image-box-content\"><h3 class=\"elementor-image-box-title\">Assist\u00eancia ao curr\u00edculo e carta de apresenta\u00e7\u00e3o<\/h3><p class=\"elementor-image-box-description\">Ajudaremos voc\u00ea a criar um curr\u00edculo profissional e uma carta de apresenta\u00e7\u00e3o, garantindo que voc\u00ea cause a melhor impress\u00e3o poss\u00edvel em potenciais empregadores.<\/p><\/div><\/div>\t\t\t\t<\/div>\n\t\t\t\t<\/div>\n\t\t\t\t<div class=\"elementor-element elementor-element-306c6d1 elementor-position-top elementor-invisible elementor-widget elementor-widget-image-box\" data-id=\"306c6d1\" data-element_type=\"widget\" data-settings=\"{&quot;_animation&quot;:&quot;fadeIn&quot;}\" data-widget_type=\"image-box.default\">\n\t\t\t\t<div class=\"elementor-widget-container\">\n\t\t\t\t\t<div class=\"elementor-image-box-wrapper\"><figure class=\"elementor-image-box-img\"><img decoding=\"async\" width=\"512\" height=\"512\" src=\"https:\/\/visaresidency.com\/oolsohee\/2022\/04\/heartbeat.png\" class=\"attachment-full size-full wp-image-561\" alt=\"\" srcset=\"https:\/\/visaresidency.com\/oolsohee\/2022\/04\/heartbeat.png 512w, https:\/\/visaresidency.com\/oolsohee\/2022\/04\/heartbeat-300x300.png 300w, https:\/\/visaresidency.com\/oolsohee\/2022\/04\/heartbeat-150x150.png 150w\" sizes=\"(max-width: 512px) 100vw, 512px\" \/><\/figure><div class=\"elementor-image-box-content\"><h3 class=\"elementor-image-box-title\">Assist\u00eancia \u00e0 autoriza\u00e7\u00e3o de trabalho<\/h3><p class=\"elementor-image-box-description\">Ajudaremos voc\u00ea a obter a autoriza\u00e7\u00e3o de trabalho necess\u00e1ria, garantindo que voc\u00ea possa come\u00e7ar a trabalhar o mais r\u00e1pido poss\u00edvel.<\/p><\/div><\/div>\t\t\t\t<\/div>\n\t\t\t\t<\/div>\n\t\t\t\t\t<\/div>\n\t\t<\/div>\n\t\t\t\t\t<\/div>\n\t\t<\/section>\n\t\t\t\t<section class=\"elementor-section elementor-top-section elementor-element elementor-element-050a893 elementor-section-boxed elementor-section-height-default elementor-section-height-default\" data-id=\"050a893\" data-element_type=\"section\" data-settings=\"{&quot;background_background&quot;:&quot;classic&quot;}\">\n\t\t\t\t\t\t<div class=\"elementor-container elementor-column-gap-default\">\n\t\t\t\t\t<div class=\"elementor-column elementor-col-100 elementor-top-column elementor-element elementor-element-da1ac21\" data-id=\"da1ac21\" data-element_type=\"column\">\n\t\t\t<div class=\"elementor-widget-wrap elementor-element-populated\">\n\t\t\t\t\t\t<div class=\"elementor-element elementor-element-79e7448 elementor-widget elementor-widget-heading\" data-id=\"79e7448\" data-element_type=\"widget\" data-widget_type=\"heading.default\">\n\t\t\t\t<div class=\"elementor-widget-container\">\n\t\t\t\t\t<h2 class=\"elementor-heading-title elementor-size-default\">Na Visa Residency, acreditamos que a chave do nosso sucesso \u00e9 o nosso compromisso com os nossos clientes. Estamos aqui para fornecer orienta\u00e7\u00e3o especializada, apoio e resultados bem-sucedidos, e faremos tudo o que estiver ao nosso alcance para ajud\u00e1-lo a alcan\u00e7ar seus objetivos.\nSe tiver alguma d\u00favida ou quiser saber mais sobre os nossos servi\u00e7os de trabalho, n\u00e3o hesite em contactar-nos. Estamos aqui para ajudar e estamos ansiosos por trabalhar consigo.<\/h2>\t\t\t\t<\/div>\n\t\t\t\t<\/div>\n\t\t\t\t\t<\/div>\n\t\t<\/div>\n\t\t\t\t\t<\/div>\n\t\t<\/section>\n\t\t\t\t<section class=\"elementor-section elementor-top-section elementor-element elementor-element-9b61bc0 elementor-section-boxed elementor-section-height-default elementor-section-height-default\" data-id=\"9b61bc0\" data-element_type=\"section\" data-settings=\"{&quot;background_background&quot;:&quot;classic&quot;}\">\n\t\t\t\t\t\t<div class=\"elementor-container elementor-column-gap-default\">\n\t\t\t\t\t<div class=\"elementor-column elementor-col-100 elementor-top-column elementor-element elementor-element-2528dc8\" data-id=\"2528dc8\" data-element_type=\"column\">\n\t\t\t<div class=\"elementor-widget-wrap elementor-element-populated\">\n\t\t\t\t\t\t<div class=\"elementor-element elementor-element-def8cb3 elementor-widget elementor-widget-wpforms\" data-id=\"def8cb3\" data-element_type=\"widget\" data-widget_type=\"wpforms.default\">\n\t\t\t\t<div class=\"elementor-widget-container\">\n\t\t\t\t\t<div class=\"wpforms-container wpforms-container-full\" id=\"wpforms-1984\"><form id=\"wpforms-form-1984\" class=\"wpforms-validate wpforms-form\" data-formid=\"1984\" method=\"post\" enctype=\"multipart\/form-data\" action=\"\/pt-pt\/wp-json\/wp\/v2\/pages\/2030?wpforms_form_id=1984\" data-token=\"983fcc6dd0d66b8d440c59caef30dfad\"><noscript class=\"wpforms-error-noscript\">Please enable JavaScript in your browser to complete this form.<\/noscript><div class=\"wpforms-field-container\"><div id=\"wpforms-1984-field_8-container\" class=\"wpforms-field wpforms-field-layout\" data-field-id=\"8\"><label class=\"wpforms-field-label wpforms-label-hide\" for=\"wpforms-1984-field_8\">Layout<\/label><div class=\"wpforms-field-layout-columns wpforms-field-layout-preset-50-50\"><div class=\"wpforms-layout-column wpforms-layout-column-50\"><div id=\"wpforms-1984-field_15-container\" class=\"wpforms-field wpforms-field-text\" data-field-id=\"15\"><label class=\"wpforms-field-label wpforms-label-hide\" for=\"wpforms-1984-field_15\">First Name <span class=\"wpforms-required-label\">*<\/span><\/label><input type=\"text\" id=\"wpforms-1984-field_15\" class=\"wpforms-field-medium wpforms-field-required\" name=\"wpforms[fields][15]\" placeholder=\"Nome\" required><\/div><div id=\"wpforms-1984-field_1-container\" class=\"wpforms-field wpforms-field-email\" data-field-id=\"1\"><label class=\"wpforms-field-label wpforms-label-hide\" for=\"wpforms-1984-field_1\">Your Email <span class=\"wpforms-required-label\">*<\/span><\/label><input type=\"email\" id=\"wpforms-1984-field_1\" class=\"wpforms-field-large wpforms-field-required\" name=\"wpforms[fields][1]\" placeholder=\"O Seu E-Mail\" required><\/div><\/div><div class=\"wpforms-layout-column wpforms-layout-column-50\"><div id=\"wpforms-1984-field_16-container\" class=\"wpforms-field wpforms-field-text\" data-field-id=\"16\"><label class=\"wpforms-field-label wpforms-label-hide\" for=\"wpforms-1984-field_16\">Last Name <span class=\"wpforms-required-label\">*<\/span><\/label><input type=\"text\" id=\"wpforms-1984-field_16\" class=\"wpforms-field-medium wpforms-field-required\" name=\"wpforms[fields][16]\" placeholder=\"Sobrenome\" required><\/div><div id=\"wpforms-1984-field_9-container\" class=\"wpforms-field wpforms-field-phone\" data-field-id=\"9\"><label class=\"wpforms-field-label wpforms-label-hide\" for=\"wpforms-1984-field_9\">Phone <span class=\"wpforms-required-label\">*<\/span><\/label><input type=\"tel\" id=\"wpforms-1984-field_9\" class=\"wpforms-field-medium wpforms-field-required wpforms-smart-phone-field\" data-rule-smart-phone-field=\"true\" name=\"wpforms[fields][9]\" placeholder=\"Telefone\" required><\/div><\/div><\/div><\/div><div id=\"wpforms-1984-field_18-container\" class=\"wpforms-field wpforms-field-text\" data-field-id=\"18\"><label class=\"wpforms-field-label wpforms-label-hide\" for=\"wpforms-1984-field_18\">Which Country Do You Live In? <span class=\"wpforms-required-label\">*<\/span><\/label><input type=\"text\" id=\"wpforms-1984-field_18\" class=\"wpforms-field-large wpforms-field-required\" name=\"wpforms[fields][18]\" placeholder=\"Em Que Pa\u00eds Vive?\" required><\/div><div id=\"wpforms-1984-field_7-container\" class=\"wpforms-field wpforms-field-text\" data-field-id=\"7\"><label class=\"wpforms-field-label wpforms-label-hide\" for=\"wpforms-1984-field_7\">Where <span class=\"wpforms-required-label\">*<\/span><\/label><input type=\"text\" id=\"wpforms-1984-field_7\" class=\"wpforms-field-large wpforms-field-required\" name=\"wpforms[fields][7]\" placeholder=\"Onde ouviu falar de n\u00f3s?\" required><div class=\"wpforms-field-description\">Se um funcion\u00e1rio da Wocopa o indicar, escreva o seu nome.<\/div><\/div><div id=\"wpforms-1984-field_10-container\" class=\"wpforms-field wpforms-field-file-upload\" data-field-id=\"10\"><label class=\"wpforms-field-label\" for=\"wpforms-1984-field_10\">Envie o seu CV<\/label><div\n\t\tclass=\"wpforms-uploader\"\n\t\tdata-field-id=\"10\"\n\t\tdata-form-id=\"1984\"\n\t\tdata-input-name=\"wpforms_1984_10\"\n\t\tdata-extensions=\"pdf,xls,xlsx,ppt,pptx,doc,docx,jpeg,jpg,png\"\n\t\tdata-max-size=\"5242880\"\n\t\tdata-max-file-number=\"3\"\n\t\tdata-post-max-size=\"1073741824\"\n\t\tdata-max-parallel-uploads=\"4\"\n\t\tdata-parallel-uploads=\"true\"\n\t\tdata-file-chunk-size=\"2097152\">\n\t<div class=\"dz-message\">\n\t\t<svg viewBox=\"0 0 1024 1024\" focusable=\"false\" data-icon=\"inbox\" width=\"50px\" height=\"50px\" fill=\"#b1b1b1\" aria-hidden=\"true\">\n\t\t\t<path d=\"M885.2 446.3l-.2-.8-112.2-285.1c-5-16.1-19.9-27.2-36.8-27.2H281.2c-17 0-32.1 11.3-36.9 27.6L139.4 443l-.3.7-.2.8c-1.3 4.9-1.7 9.9-1 14.8-.1 1.6-.2 3.2-.2 4.8V830a60.9 60.9 0 0 0 60.8 60.8h627.2c33.5 0 60.8-27.3 60.9-60.8V464.1c0-1.3 0-2.6-.1-3.7.4-4.9 0-9.6-1.3-14.1zm-295.8-43l-.3 15.7c-.8 44.9-31.8 75.1-77.1 75.1-22.1 0-41.1-7.1-54.8-20.6S436 441.2 435.6 419l-.3-15.7H229.5L309 210h399.2l81.7 193.3H589.4zm-375 76.8h157.3c24.3 57.1 76 90.8 140.4 90.8 33.7 0 65-9.4 90.3-27.2 22.2-15.6 39.5-37.4 50.7-63.6h156.5V814H214.4V480.1z\"><\/path>\n\t\t<\/svg>\n\t\t<span class=\"modern-title\">Click or drag files to this area to upload.<\/span>\n\n\t\t\t\t\t<span class=\"modern-hint\">You can upload up to 3 files.<\/span>\n\t\t\t<\/div>\n<\/div>\n<input\n\t\ttype=\"text\"\n\t\tautocomplete=\"off\"\n\t\tclass=\"dropzone-input\"\n\t\tstyle=\"position:absolute!important;clip:rect(0,0,0,0)!important;height:1px!important;width:1px!important;border:0!important;overflow:hidden!important;padding:0!important;margin:0!important;\"\n\t\tid=\"wpforms-1984-field_10\"\n\t\tname=\"wpforms_1984_10\" \t\tvalue=\"\">\n<\/div><div id=\"wpforms-1984-field_6-container\" class=\"wpforms-field wpforms-field-checkbox\" data-field-id=\"6\"><label class=\"wpforms-field-label wpforms-label-hide\" for=\"wpforms-1984-field_6\">Accept <span class=\"wpforms-required-label\">*<\/span><\/label><ul id=\"wpforms-1984-field_6\" class=\"wpforms-field-required\"><li class=\"choice-1 depth-1\"><input type=\"checkbox\" id=\"wpforms-1984-field_6_1\" name=\"wpforms[fields][6][]\" value=\"I read and accept &lt;a href=&quot;#omw-904&quot; class=&quot;omw-open-modal&quot;&gt;Terms and Conditions&lt;\/a&gt;\" required ><label class=\"wpforms-field-label-inline\" for=\"wpforms-1984-field_6_1\">I read and accept <a href=\"#omw-904\" class=\"omw-open-modal\">Terms and Conditions<\/a><\/label><\/li><\/ul><\/div><\/div><div class=\"wpforms-field wpforms-field-hp\"><label for=\"wpforms-1984-field-hp\" class=\"wpforms-field-label\">Message<\/label><input type=\"text\" name=\"wpforms[hp]\" id=\"wpforms-1984-field-hp\" class=\"wpforms-field-medium\"><\/div><div class=\"wpforms-recaptcha-container wpforms-is-recaptcha\"><div class=\"g-recaptcha\" data-sitekey=\"6Ldtjh8nAAAAAGuwxNRbnWO1nYZdlIlvu73eD8Fk\"><\/div><input type=\"text\" name=\"g-recaptcha-hidden\" class=\"wpforms-recaptcha-hidden\" style=\"position:absolute!important;clip:rect(0,0,0,0)!important;height:1px!important;width:1px!important;border:0!important;overflow:hidden!important;padding:0!important;margin:0!important;\" required><\/div><div class=\"wpforms-submit-container\"><input type=\"hidden\" name=\"wpforms[id]\" value=\"1984\"><input type=\"hidden\" name=\"wpforms[author]\" value=\"1\"><button type=\"submit\" name=\"wpforms[submit]\" id=\"wpforms-submit-1984\" class=\"wpforms-submit\" data-alt-text=\"Envio...\" data-submit-text=\"Enviar Formul\u00e1rio\" aria-live=\"assertive\" value=\"wpforms-submit\">Enviar Formul\u00e1rio<\/button><\/div><input type=\"hidden\" id=\"ct_checkjs_wpforms_045117b0e0a11a242b9765e79cbf113f\" name=\"ct_checkjs_wpforms\" value=\"0\" \/><script>setTimeout(function(){var ct_input_name = \"ct_checkjs_wpforms_045117b0e0a11a242b9765e79cbf113f\";if (document.getElementById(ct_input_name) !== null) {var ct_input_value = document.getElementById(ct_input_name).value;document.getElementById(ct_input_name).value = document.getElementById(ct_input_name).value.replace(ct_input_value, 'eede3432968c9bbe661dfc4783d821ef1090712a79a594de8dcd0c5fe09c8796');}}, 1000);<\/script><input\n                    class=\"apbct_special_field apbct_email_id__wp_wpforms\"\n                    name=\"apbct__email_id__wp_wpforms\"\n                    aria-label=\"apbct__label_id__wp_wpforms\"\n                    type=\"text\" size=\"30\" maxlength=\"200\" autocomplete=\"off\"\n                    value=\"\"\n                \/><input\n                    class=\"apbct_special_field apbct_email_id__elementor_form\"\n                    name=\"apbct__email_id__elementor_form\"\n                    aria-label=\"apbct__label_id__elementor_form\"\n                    type=\"text\" size=\"30\" maxlength=\"200\" autocomplete=\"off\"\n                    value=\"\"\n                \/><\/form><\/div>  \t\t\t\t<\/div>\n\t\t\t\t<\/div>\n\t\t\t\t\t<\/div>\n\t\t<\/div>\n\t\t\t\t\t<\/div>\n\t\t<\/section>\n\t\t\t\t<\/div>\n\t\t","protected":false},"excerpt":{"rendered":"<p>Servi\u00e7os De Trabalho Na Visa Residency, entendemos que encontrar trabalho na Europa pode ser um processo desafiador. \u00c9 por isso que oferecemos servi\u00e7os de trabalho abrangentes para ajud\u00e1-lo a atingir seus objetivos. Os nossos servi\u00e7os de trabalho incluem: Assist\u00eancia \u00e0 procura de emprego Forneceremos assist\u00eancia especializada na procura de emprego, ajudando-o a encontrar o emprego [&hellip;]<\/p>\n","protected":false},"author":1,"featured_media":0,"parent":0,"menu_order":0,"comment_status":"closed","ping_status":"closed","template":"","meta":{"content-type":"","ocean_post_layout":"full-screen","ocean_both_sidebars_style":"","ocean_both_sidebars_content_width":0,"ocean_both_sidebars_sidebars_width":0,"ocean_sidebar":"0","ocean_second_sidebar":"0","ocean_disable_margins":"enable","ocean_add_body_class":"","ocean_shortcode_before_top_bar":"","ocean_shortcode_after_top_bar":"","ocean_shortcode_before_header":"","ocean_shortcode_after_header":"","ocean_has_shortcode":"","ocean_shortcode_after_title":"","ocean_shortcode_before_footer_widgets":"","ocean_shortcode_after_footer_widgets":"","ocean_shortcode_before_footer_bottom":"","ocean_shortcode_after_footer_bottom":"","ocean_display_top_bar":"default","ocean_display_header":"default","ocean_header_style":"","ocean_center_header_left_menu":"0","ocean_custom_header_template":"0","ocean_custom_logo":0,"ocean_custom_retina_logo":0,"ocean_custom_logo_max_width":0,"ocean_custom_logo_tablet_max_width":0,"ocean_custom_logo_mobile_max_width":0,"ocean_custom_logo_max_height":0,"ocean_custom_logo_tablet_max_height":0,"ocean_custom_logo_mobile_max_height":0,"ocean_header_custom_menu":"0","ocean_menu_typo_font_family":"0","ocean_menu_typo_font_subset":"","ocean_menu_typo_font_size":0,"ocean_menu_typo_font_size_tablet":0,"ocean_menu_typo_font_size_mobile":0,"ocean_menu_typo_font_size_unit":"px","ocean_menu_typo_font_weight":"","ocean_menu_typo_font_weight_tablet":"","ocean_menu_typo_font_weight_mobile":"","ocean_menu_typo_transform":"","ocean_menu_typo_transform_tablet":"","ocean_menu_typo_transform_mobile":"","ocean_menu_typo_line_height":0,"ocean_menu_typo_line_height_tablet":0,"ocean_menu_typo_line_height_mobile":0,"ocean_menu_typo_line_height_unit":"","ocean_menu_typo_spacing":0,"ocean_menu_typo_spacing_tablet":0,"ocean_menu_typo_spacing_mobile":0,"ocean_menu_typo_spacing_unit":"","ocean_menu_link_color":"","ocean_menu_link_color_hover":"","ocean_menu_link_color_active":"","ocean_menu_link_background":"","ocean_menu_link_hover_background":"","ocean_menu_link_active_background":"","ocean_menu_social_links_bg":"","ocean_menu_social_hover_links_bg":"","ocean_menu_social_links_color":"","ocean_menu_social_hover_links_color":"","ocean_disable_title":"default","ocean_disable_heading":"default","ocean_post_title":"","ocean_post_subheading":"","ocean_post_title_style":"background-image","ocean_post_title_background_color":"","ocean_post_title_background":1543,"ocean_post_title_bg_image_position":"center center","ocean_post_title_bg_image_attachment":"","ocean_post_title_bg_image_repeat":"","ocean_post_title_bg_image_size":"","ocean_post_title_height":0,"ocean_post_title_bg_overlay":0.5,"ocean_post_title_bg_overlay_color":"","ocean_disable_breadcrumbs":"default","ocean_breadcrumbs_color":"","ocean_breadcrumbs_separator_color":"","ocean_breadcrumbs_links_color":"","ocean_breadcrumbs_links_hover_color":"","ocean_display_footer_widgets":"default","ocean_display_footer_bottom":"default","ocean_custom_footer_template":"0","omw_enable_modal_window":"enable","footnotes":""},"class_list":["post-2030","page","type-page","status-publish","hentry","entry"],"_links":{"self":[{"href":"https:\/\/visaresidency.com\/pt-pt\/wp-json\/wp\/v2\/pages\/2030","targetHints":{"allow":["GET"]}}],"collection":[{"href":"https:\/\/visaresidency.com\/pt-pt\/wp-json\/wp\/v2\/pages"}],"about":[{"href":"https:\/\/visaresidency.com\/pt-pt\/wp-json\/wp\/v2\/types\/page"}],"author":[{"embeddable":true,"href":"https:\/\/visaresidency.com\/pt-pt\/wp-json\/wp\/v2\/users\/1"}],"replies":[{"embeddable":true,"href":"https:\/\/visaresidency.com\/pt-pt\/wp-json\/wp\/v2\/comments?post=2030"}],"version-history":[{"count":4,"href":"https:\/\/visaresidency.com\/pt-pt\/wp-json\/wp\/v2\/pages\/2030\/revisions"}],"predecessor-version":[{"id":2034,"href":"https:\/\/visaresidency.com\/pt-pt\/wp-json\/wp\/v2\/pages\/2030\/revisions\/2034"}],"wp:attachment":[{"href":"https:\/\/visaresidency.com\/pt-pt\/wp-json\/wp\/v2\/media?parent=2030"}],"curies":[{"name":"wp","href":"https:\/\/api.w.org\/{rel}","templated":true}]}}